{"id":100,"date":"2025-07-21T22:06:49","date_gmt":"2025-07-21T22:06:49","guid":{"rendered":"https:\/\/bulenox-discord.com\/datenschutzbestimmungen\/"},"modified":"2025-10-05T07:08:24","modified_gmt":"2025-10-05T07:08:24","slug":"datenschutzbestimmungen","status":"publish","type":"page","link":"https:\/\/bulenox-discord.com\/de\/datenschutzbestimmungen\/","title":{"rendered":"Datenschutzbestimmungen"},"content":{"rendered":"\n<h2 class=\"wp-block-heading\">Wer wir sind<\/h2>\n\n<p><strong class=\"privacy-policy-tutorial\">Vorgeschlagener Text: <\/strong>Unsere Website-Adresse ist: https:\/\/bulenox-discord.com.<\/p>\n\n<h2 class=\"wp-block-heading\">Kommentare<\/h2>\n\n<p><strong class=\"privacy-policy-tutorial\">Vorgeschlagener Text: <\/strong>Wenn Besucher Kommentare auf der Website hinterlassen, erfassen wir die im Kommentarformular angezeigten Daten sowie die IP-Adresse des Besuchers und den User-Agent-String des Browsers, um die Spam-Erkennung zu unterst\u00fctzen.<\/p>\n\n<p>Ein anonymisierter String, der aus deiner E-Mail-Adresse erstellt wurde (auch Hash genannt), kann dem Gravatar-Dienst zur Verf\u00fcgung gestellt werden, um zu pr\u00fcfen, ob du diesen nutzt. Die Datenschutzerkl\u00e4rung des Gravatar-Dienstes findest du hier: https:\/\/automattic.com\/privacy\/. Nach Genehmigung deines Kommentars ist dein Profilbild im Kontext deines Kommentars \u00f6ffentlich sichtbar.<\/p>\n\n<h2 class=\"wp-block-heading\">Medien<\/h2>\n\n<p><strong class=\"privacy-policy-tutorial\">Vorgeschlagener Text: <\/strong>Wenn du Bilder auf die Website hochl\u00e4dst, solltest du vermeiden, Bilder mit eingebetteten Standortdaten (EXIF GPS) hochzuladen. Besucher der Website k\u00f6nnen alle Standortdaten aus Bildern auf der Website herunterladen und extrahieren.<\/p>\n\n<h2 class=\"wp-block-heading\">Cookies<\/h2>\n\n<p><strong class=\"privacy-policy-tutorial\">Vorgeschlagener Text: <\/strong>Wenn du einen Kommentar auf unserer Website hinterl\u00e4sst, kannst du zustimmen, deinen Namen, deine E-Mail-Adresse und deine Website in Cookies zu speichern. Dies dient deiner Bequemlichkeit, damit du deine Daten nicht erneut eingeben musst, wenn du einen weiteren Kommentar hinterl\u00e4sst. Diese Cookies sind ein Jahr lang g\u00fcltig.<\/p>\n\n<p>Wenn du unsere Anmeldeseite besuchst, setzen wir ein tempor\u00e4res Cookie, um festzustellen, ob dein Browser Cookies akzeptiert. Dieses Cookie enth\u00e4lt keine pers\u00f6nlichen Daten und wird gel\u00f6scht, wenn du deinen Browser schlie\u00dft.<\/p>\n\n<p>Wenn du dich anmeldest, werden wir auch mehrere Cookies setzen, um deine Anmeldeinformationen und deine Bildschirmdarstellungsoptionen zu speichern. Anmelde-Cookies sind zwei Tage g\u00fcltig und Cookies f\u00fcr Bildschirmoptionen ein Jahr. Wenn du \u201eAngemeldet bleiben\u201c w\u00e4hlst, bleibt deine Anmeldung zwei Wochen lang bestehen. Wenn du dich von deinem Konto abmeldest, werden die Anmelde-Cookies entfernt.<\/p>\n\n<p>Wenn du einen Artikel bearbeitest oder ver\u00f6ffentlichst, wird ein zus\u00e4tzliches Cookie in deinem Browser gespeichert. Dieses Cookie enth\u00e4lt keine pers\u00f6nlichen Daten und zeigt lediglich die Beitrags-ID des Artikels an, den du gerade bearbeitet hast. Es l\u00e4uft nach 1 Tag ab.<\/p>\n\n<h2 class=\"wp-block-heading\">Eingebettete Inhalte von anderen Websites<\/h2>\n\n<p><strong class=\"privacy-policy-tutorial\">Vorgeschlagener Text: <\/strong>Artikel auf dieser Website k\u00f6nnen eingebettete Inhalte (z. B. Videos, Bilder, Artikel usw.) enthalten. Eingebettete Inhalte von anderen Websites verhalten sich genau so, als h\u00e4tte der Besucher die andere Website besucht.<\/p>\n\n<p>Diese Websites k\u00f6nnen Daten \u00fcber dich sammeln, Cookies verwenden, zus\u00e4tzliches Tracking von Drittanbietern einbetten und deine Interaktion mit diesen eingebetteten Inhalten \u00fcberwachen, einschlie\u00dflich der Verfolgung deiner Interaktion mit den eingebetteten Inhalten, wenn du ein Konto auf dieser Website hast und dort angemeldet bist.<\/p>\n\n<h2 class=\"wp-block-heading\">Mit wem wir deine Daten teilen<\/h2>\n\n<p><strong class=\"privacy-policy-tutorial\">Vorgeschlagener Text: <\/strong>Wenn du eine Passwortzur\u00fccksetzung anforderst, wird deine IP-Adresse in der E-Mail zur Zur\u00fccksetzung enthalten sein.<\/p>\n\n<h2 class=\"wp-block-heading\">Wie lange wir deine Daten speichern<\/h2>\n\n<p><strong class=\"privacy-policy-tutorial\">Vorgeschlagener Text: <\/strong>Wenn du einen Kommentar hinterl\u00e4sst, werden der Kommentar und seine Metadaten unbegrenzt gespeichert. Dies geschieht, damit wir Folgekommentare automatisch erkennen und genehmigen k\u00f6nnen, anstatt sie in einer Moderationswarteschlange zu halten.<\/p>\n\n<p>F\u00fcr Nutzer, die sich auf unserer Website registrieren (falls vorhanden), speichern wir auch die pers\u00f6nlichen Informationen, die sie in ihrem Benutzerprofil angeben. Alle Nutzer k\u00f6nnen ihre pers\u00f6nlichen Informationen jederzeit einsehen, bearbeiten oder l\u00f6schen (au\u00dfer sie k\u00f6nnen ihren Benutzernamen nicht \u00e4ndern). Website-Administratoren k\u00f6nnen diese Informationen ebenfalls einsehen und bearbeiten.<\/p>\n\n<h2 class=\"wp-block-heading\">Welche Rechte du bez\u00fcglich deiner Daten hast<\/h2>\n\n<p><strong class=\"privacy-policy-tutorial\">Vorgeschlagener Text: <\/strong>Wenn du ein Konto auf dieser Website hast oder Kommentare hinterlassen hast, kannst du eine exportierte Datei der pers\u00f6nlichen Daten anfordern, die wir \u00fcber dich gespeichert haben, einschlie\u00dflich aller Daten, die du uns zur Verf\u00fcgung gestellt hast. Du kannst auch verlangen, dass wir alle pers\u00f6nlichen Daten, die wir \u00fcber dich gespeichert haben, l\u00f6schen. Dies umfasst keine Daten, die wir aus administrativen, rechtlichen oder Sicherheitsgr\u00fcnden aufbewahren m\u00fcssen.<\/p>\n\n<h2 class=\"wp-block-heading\">Wohin deine Daten gesendet werden<\/h2>\n\n<p><strong class=\"privacy-policy-tutorial\">Vorgeschlagener Text: <\/strong>Besucherkommentare k\u00f6nnen durch einen automatisierten Spam-Erkennungsdienst \u00fcberpr\u00fcft werden.<\/p>\n","protected":false},"excerpt":{"rendered":"<p>Wer wir sind Vorgeschlagener Text: Unsere Website-Adresse ist: https:\/\/bulenox-discord.com. Kommentare Vorgeschlagener Text: Wenn Besucher Kommentare auf der Website hinterlassen, erfassen wir die im Kommentarformular angezeigten Daten sowie die IP-Adresse des Besuchers und den User-Agent-String des Browsers, um die Spam-Erkennung zu unterst\u00fctzen. Ein anonymisierter String, der aus deiner E-Mail-Adresse erstellt wurde (auch Hash genannt), kann dem [&hellip;]<\/p>\n","protected":false},"author":1,"featured_media":0,"parent":0,"menu_order":0,"comment_status":"closed","ping_status":"open","template":"","meta":{"footnotes":""},"class_list":["post-100","page","type-page","status-publish","hentry"],"_links":{"self":[{"href":"https:\/\/bulenox-discord.com\/de\/wp-json\/wp\/v2\/pages\/100","targetHints":{"allow":["GET"]}}],"collection":[{"href":"https:\/\/bulenox-discord.com\/de\/wp-json\/wp\/v2\/pages"}],"about":[{"href":"https:\/\/bulenox-discord.com\/de\/wp-json\/wp\/v2\/types\/page"}],"author":[{"embeddable":true,"href":"https:\/\/bulenox-discord.com\/de\/wp-json\/wp\/v2\/users\/1"}],"replies":[{"embeddable":true,"href":"https:\/\/bulenox-discord.com\/de\/wp-json\/wp\/v2\/comments?post=100"}],"version-history":[{"count":1,"href":"https:\/\/bulenox-discord.com\/de\/wp-json\/wp\/v2\/pages\/100\/revisions"}],"predecessor-version":[{"id":105,"href":"https:\/\/bulenox-discord.com\/de\/wp-json\/wp\/v2\/pages\/100\/revisions\/105"}],"wp:attachment":[{"href":"https:\/\/bulenox-discord.com\/de\/wp-json\/wp\/v2\/media?parent=100"}],"curies":[{"name":"wp","href":"https:\/\/api.w.org\/{rel}","templated":true}]}}